{"id":3942,"date":"2019-12-19T13:43:31","date_gmt":"2019-12-19T12:43:31","guid":{"rendered":"https:\/\/2023.economicsofeducation.com\/es\/?page_id=3942"},"modified":"2020-05-06T16:00:38","modified_gmt":"2020-05-06T14:00:38","slug":"politica-de-cookies","status":"publish","type":"page","link":"https:\/\/2024.economicsofeducation.com\/en\/politica-de-cookies\/","title":{"rendered":"Cookies Policy"},"content":{"rendered":"\n<p>El sitio Web Asociaci\u00f3n de Econom\u00eda de la Educaci\u00f3n utiliza \u00abcookies\u00bb para almacenar sus preferencias ayud\u00e1ndolo a personalizar su experiencia en l\u00ednea. Una cookie es un archivo de texto que es grabado en su disco duro por un servidor de p\u00e1ginas Web. Las cookies no pueden ser utilizadas para ejecutar programas o distribuir virus inform\u00e1ticos a su computadora. Las cookies son asignadas a Usted por el servidor en relaci\u00f3n uno-a-uno, y pueden ser le\u00eddas \u00fanicamente por un servidor miembro del dominio que emiti\u00f3 la cookie para Usted.<\/p>\n\n\n\n<p>Una de las principales ventajas de las cookies es que le ahorran tiempo. El prop\u00f3sito de una cookie es informarle al servidor Web que Usted ha regresado a una p\u00e1gina espec\u00edfica. Por ejemplo, cuando Usted personaliza p\u00e1ginas en Asociaci\u00f3n de Econom\u00eda de la Educaci\u00f3n, o cuando se registra en el sitio Asociaci\u00f3n de Econom\u00eda de la Educaci\u00f3n, la cookie grabada permite al servidor Web de Asociaci\u00f3n de Econom\u00eda de la Educaci\u00f3n recuperar su informaci\u00f3n espec\u00edfica en las subsiguientes visitas. Esto simplifica el proceso de registrar su informaci\u00f3n personal como direcci\u00f3n de cobro, direcci\u00f3n de env\u00edo, etc. La pr\u00f3xima vez que regrese al mimo sitio Web de Asociaci\u00f3n de Econom\u00eda de la Educaci\u00f3n, la informaci\u00f3n que Usted suministr\u00f3 anteriormente puede ser recuperada de la cookie, y as\u00ed las opciones que Usted haya personalizado en su visita anterior a Asociaci\u00f3n de Econom\u00eda de la Educaci\u00f3n estar\u00e1n disponibles sin necesidad de que deba escribirlas nuevamente.<\/p>\n\n\n\n<p>Usted tiene la posibilidad de aceptar o rechazar cookies. La mayor\u00eda de los exploradores de Internet aceptan las cookies autom\u00e1ticamente, pero si lo prefiere Usted puede modificar la configuraci\u00f3n para que las rechace. Si escoge que el explorador rechace cookies, es probable que no pueda aprovechar en su totalidad las caracter\u00edsticas interactivas de los servicios ofrecidos en Asociaci\u00f3n de Econom\u00eda de la Educaci\u00f3n o en los sitios Web que visite.<\/p>\n","protected":false},"excerpt":{"rendered":"<p>El sitio Web Asociaci\u00f3n de Econom\u00eda de la Educaci\u00f3n utiliza \u00abcookies\u00bb para almacenar sus preferencias ayud\u00e1ndolo a personalizar su experiencia en l\u00ednea. Una cookie es un archivo de texto que es grabado en su disco duro por un servidor de p\u00e1ginas Web. Las cookies no pueden ser utilizadas para ejecutar programas o distribuir virus inform\u00e1ticos&#8230; <\/p>\n<div class=\"clear\"><\/div>\n<p><a href=\"https:\/\/2024.economicsofeducation.com\/en\/politica-de-cookies\/\" class=\"gdlr-info-font excerpt-read-more\">Read More<\/a><\/p>\n","protected":false},"author":418,"featured_media":0,"parent":0,"menu_order":0,"comment_status":"closed","ping_status":"closed","template":"","meta":{"footnotes":""},"class_list":["post-3942","page","type-page","status-publish","hentry"],"_links":{"self":[{"href":"https:\/\/2024.economicsofeducation.com\/en\/wp-json\/wp\/v2\/pages\/3942","targetHints":{"allow":["GET"]}}],"collection":[{"href":"https:\/\/2024.economicsofeducation.com\/en\/wp-json\/wp\/v2\/pages"}],"about":[{"href":"https:\/\/2024.economicsofeducation.com\/en\/wp-json\/wp\/v2\/types\/page"}],"author":[{"embeddable":true,"href":"https:\/\/2024.economicsofeducation.com\/en\/wp-json\/wp\/v2\/users\/418"}],"replies":[{"embeddable":true,"href":"https:\/\/2024.economicsofeducation.com\/en\/wp-json\/wp\/v2\/comments?post=3942"}],"version-history":[{"count":7,"href":"https:\/\/2024.economicsofeducation.com\/en\/wp-json\/wp\/v2\/pages\/3942\/revisions"}],"predecessor-version":[{"id":4291,"href":"https:\/\/2024.economicsofeducation.com\/en\/wp-json\/wp\/v2\/pages\/3942\/revisions\/4291"}],"wp:attachment":[{"href":"https:\/\/2024.economicsofeducation.com\/en\/wp-json\/wp\/v2\/media?parent=3942"}],"curies":[{"name":"wp","href":"https:\/\/api.w.org\/{rel}","templated":true}]}}