{"id":33,"date":"2009-11-27T01:36:47","date_gmt":"2009-11-27T00:36:47","guid":{"rendered":"http:\/\/2019.economicsofeducation.com\/en\/?page_id=33"},"modified":"2024-07-08T13:45:38","modified_gmt":"2024-07-08T11:45:38","slug":"programme","status":"publish","type":"page","link":"https:\/\/2024.economicsofeducation.com\/es\/programme\/","title":{"rendered":"Programa final"},"content":{"rendered":"\r\n<p><a href=\"https:\/\/gestor.economicsofeducation.com\/program\">Programa final<\/a><\/p>\r\n<p>Por favor, recuerde que cada autor\/a comentar\u00e1 la comunicaci\u00f3n previa a la suya. El\/la primer\/a autor\/a comentar\u00e1 la \u00faltima comunicaci\u00f3n. Los papers se pueden descargar accediendo con la cuenta de AEDE.<\/p>\r\n<p>Cada autor\/a tendr\u00e1 entre 15 y 20 minutos para presentar y 10 minutos para recibir comentarios de su trabajo.<\/p>\r\n<p>Las fotograf\u00edas se encuentran en:<\/p>\r\n<p><a href=\"https:\/\/www.facebook.com\/media\/set\/?vanity=aede.economiadelaeducacion&#038;set=a.3039020159594305\">Fotograf\u00edas de AEDE<\/a><\/p>","protected":false},"excerpt":{"rendered":"<p>Programa final Por favor, recuerde que cada autor\/a comentar\u00e1 la comunicaci\u00f3n previa a la suya. El\/la primer\/a autor\/a comentar\u00e1 la \u00faltima comunicaci\u00f3n. Los papers se pueden descargar accediendo con la cuenta de AEDE. Cada autor\/a tendr\u00e1 entre 15 y 20 minutos para presentar y 10 minutos para recibir comentarios de su trabajo. Las fotograf\u00edas se&#8230; <\/p>\n<div class=\"clear\"><\/div>\n<p><a href=\"https:\/\/2024.economicsofeducation.com\/es\/programme\/\" class=\"gdlr-info-font excerpt-read-more\">Read More<\/a><\/p>\n","protected":false},"author":421,"featured_media":0,"parent":0,"menu_order":80,"comment_status":"closed","ping_status":"closed","template":"","meta":{"footnotes":""},"class_list":["post-33","page","type-page","status-publish","hentry"],"_links":{"self":[{"href":"https:\/\/2024.economicsofeducation.com\/es\/wp-json\/wp\/v2\/pages\/33","targetHints":{"allow":["GET"]}}],"collection":[{"href":"https:\/\/2024.economicsofeducation.com\/es\/wp-json\/wp\/v2\/pages"}],"about":[{"href":"https:\/\/2024.economicsofeducation.com\/es\/wp-json\/wp\/v2\/types\/page"}],"author":[{"embeddable":true,"href":"https:\/\/2024.economicsofeducation.com\/es\/wp-json\/wp\/v2\/users\/421"}],"replies":[{"embeddable":true,"href":"https:\/\/2024.economicsofeducation.com\/es\/wp-json\/wp\/v2\/comments?post=33"}],"version-history":[{"count":12,"href":"https:\/\/2024.economicsofeducation.com\/es\/wp-json\/wp\/v2\/pages\/33\/revisions"}],"predecessor-version":[{"id":5388,"href":"https:\/\/2024.economicsofeducation.com\/es\/wp-json\/wp\/v2\/pages\/33\/revisions\/5388"}],"wp:attachment":[{"href":"https:\/\/2024.economicsofeducation.com\/es\/wp-json\/wp\/v2\/media?parent=33"}],"curies":[{"name":"wp","href":"https:\/\/api.w.org\/{rel}","templated":true}]}}