{"id":3941,"date":"2019-12-19T13:43:50","date_gmt":"2019-12-19T12:43:50","guid":{"rendered":"https:\/\/2023.economicsofeducation.com\/es\/?page_id=3941"},"modified":"2019-12-20T08:19:48","modified_gmt":"2019-12-20T07:19:48","slug":"politica-de-privacidad","status":"publish","type":"page","link":"https:\/\/2024.economicsofeducation.com\/es\/politica-de-privacidad\/","title":{"rendered":"Pol\u00edtica de privacidad"},"content":{"rendered":"\n<p>Asociaci\u00f3n de Econom\u00eda de la Educaci\u00f3n est\u00e1 comprometida a proteger su privacidad y la tecnolog\u00eda de desarrollo que le brinda la experiencia en l\u00ednea m\u00e1s potente y segura. Esta Declaraci\u00f3n de Privacidad est\u00e1 relacionada con el sitio Web de Asociaci\u00f3n de Econom\u00eda de la Educaci\u00f3n y abarca la recolecci\u00f3n de datos y su uso. Al utilizar el sitio Asociaci\u00f3n de Econom\u00eda de la Educaci\u00f3n, Usted acepta las pr\u00e1cticas utilizadas en relaci\u00f3n a los datos que se describen en esta declaraci\u00f3n.<\/p>\n\n\n\n<p><strong>Recolecci\u00f3n de su Informaci\u00f3n Personal<\/strong><\/p>\n\n\n\n<p>Asociaci\u00f3n de Econom\u00eda de la Educaci\u00f3n recolecta informaci\u00f3n de identificaci\u00f3n personal, como su direcci\u00f3n de correo electr\u00f3nico (e-mail), nombre, direcci\u00f3n del trabajo o de su casa, o su n\u00famero telef\u00f3nico. Asociaci\u00f3n de Econom\u00eda de la Educaci\u00f3n tambi\u00e9n recaba informaci\u00f3n demogr\u00e1fica an\u00f3nima, en el sentido que no es aplicable s\u00f3lo a Usted, como por ejemplo el c\u00f3digo postal, edad, sexo, preferencias, intereses y favoritos.<\/p>\n\n\n\n<p>Tambi\u00e9n existe informaci\u00f3n acerca del hardware y software de su computador personal, que se recaba autom\u00e1ticamente por Asociaci\u00f3n de Econom\u00eda de la Educaci\u00f3n. Esta informaci\u00f3n puede incluir: su direcci\u00f3n IP, tipo de explorador de Internet usado, nombres de dominio, tiempos de acceso y direcciones de sitios Web que hacen referencia a \u00e9ste. Esta informaci\u00f3n es utilizada por Asociaci\u00f3n de Econom\u00eda de la Educaci\u00f3n para la operaci\u00f3n del servicio, para mantener la calidad del servicio prestado y para brindar estad\u00edsticas generales acerca del uso del sitio Asociaci\u00f3n de Econom\u00eda de la Educaci\u00f3n.<\/p>\n\n\n\n<p>Por favor tenga en cuenta que si Usted divulga directamente informaci\u00f3n de identificaci\u00f3n personal o datos privados a trav\u00e9s de las herramientas p\u00fablicas de comunicaci\u00f3n en l\u00ednea ofrecidas por Asociaci\u00f3n de Econom\u00eda de la Educaci\u00f3n, dicha informaci\u00f3n puede ser recogida y usada por otros. Nota: Asociaci\u00f3n de Econom\u00eda de la Educaci\u00f3n no lee ninguna de sus comunicaciones en l\u00ednea privadas.<\/p>\n\n\n\n<p>Asociaci\u00f3n de Econom\u00eda de la Educaci\u00f3n lo alienta a que revise las declaraciones de privacidad de otros sitios Web a los que Usted elija vincular desde Asociaci\u00f3n de Econom\u00eda de la Educaci\u00f3n de manera que pueda comprender c\u00f3mo recogen \u00e9stos su informaci\u00f3n y si eventualmente la comparten con otros. Asociaci\u00f3n de Econom\u00eda de la Educaci\u00f3n no es responsable por declaraciones de privacidad ni otros contenidos que se encuentren en sitios Web fuera de Asociaci\u00f3n de Econom\u00eda de la Educaci\u00f3n y de la familia de sitios Web de Asociaci\u00f3n de Econom\u00eda de la Educaci\u00f3n.<\/p>\n\n\n\n<p><strong>Utilizaci\u00f3n de su Informaci\u00f3n Personal<\/strong><\/p>\n\n\n\n<p>Asociaci\u00f3n de Econom\u00eda de la Educaci\u00f3n recaba y utiliza su informaci\u00f3n personal para operar el sitio Web Asociaci\u00f3n de Econom\u00eda de la Educaci\u00f3n y brindarle los servicios que Usted haya solicitado. Asociaci\u00f3n de Econom\u00eda de la Educaci\u00f3n tambi\u00e9n utiliza la informaci\u00f3n de su identificaci\u00f3n personal para informarlo acerca de otros productos o servicios disponibles en Asociaci\u00f3n de Econom\u00eda de la Educaci\u00f3n y sus subsidiarias. Asociaci\u00f3n de Econom\u00eda de la Educaci\u00f3n puede tambi\u00e9n ponerse en contacto con Usted mediante encuestas, para conocer su opini\u00f3n sobre los servicios prestados actualmente o potenciales servicios a ofrecer en el futuro.<\/p>\n\n\n\n<p>Asociaci\u00f3n de Econom\u00eda de la Educaci\u00f3n no vende, alquila o arrienda su lista de clientes a terceras partes. Espor\u00e1dicamente Asociaci\u00f3n de Econom\u00eda de la Educaci\u00f3n puede contactarlo de parte de socios de negocios externos para ofrecerle alguna oferta particular que pueda ser de su inter\u00e9s. En estos casos, la informaci\u00f3n de su identificaci\u00f3n personal (e-mail, nombre, direcci\u00f3n, tel\u00e9fono) no es transferida al socio de negocios. Adem\u00e1s, Asociaci\u00f3n de Econom\u00eda de la Educaci\u00f3n s\u00ed puede compartir datos con socios confiables que ayudan y\/o en los que delega el an\u00e1lisis estad\u00edstico, el env\u00edo de correo electr\u00f3nico o postal, la atenci\u00f3n al cliente, o los arreglos para la distribuci\u00f3n y entrega. Todas estas terceras partes tienen expresamente prohibido el uso de la informaci\u00f3n personal que pueda identificarlo salvo para poder proveer estos servicios a Asociaci\u00f3n de Econom\u00eda de la Educaci\u00f3n, y est\u00e1n obligados a mantener la confidencialidad de su informaci\u00f3n.<\/p>\n\n\n\n<p>Asociaci\u00f3n de Econom\u00eda de la Educaci\u00f3n no utiliza ni divulga informaci\u00f3n personal privada como raza, religi\u00f3n o afiliaciones pol\u00edticas sin su consentimiento expreso.<\/p>\n\n\n\n<p>Asociaci\u00f3n de Econom\u00eda de la Educaci\u00f3n rastrea los sitios Web y las p\u00e1ginas que visitan nuestros clientes dentro de Asociaci\u00f3n de Econom\u00eda de la Educaci\u00f3n, para poder determinar cu\u00e1les son los servicios de Asociaci\u00f3n de Econom\u00eda de la Educaci\u00f3n m\u00e1s populares. Estos datos son utilizados para presentar contenidos y publicidades personalizadas en el sitio de Asociaci\u00f3n de Econom\u00eda de la Educaci\u00f3n a clientes cuyo comportamiento indica que tienen un particular inter\u00e9s en un \u00e1rea determinada.<\/p>\n\n\n\n<p>Los sitios Web de Asociaci\u00f3n de Econom\u00eda de la Educaci\u00f3n divulgar\u00e1n su informaci\u00f3n personal, sin notificarlo, s\u00f3lo cuando as\u00ed sea requerido por la ley o cuando se crea de buena fe que dicha acci\u00f3n es necesaria para: (a) conformar edictos legales o el cumplimiento de un proceso legal realizado sobre Asociaci\u00f3n de Econom\u00eda de la Educaci\u00f3n o el sitio; (b) proteger y defender los derechos o propiedad de Asociaci\u00f3n de Econom\u00eda de la Educaci\u00f3n; y, (c) actuar bajo circunstancias extremas, para proteger la seguridad de los usuarios de Asociaci\u00f3n de Econom\u00eda de la Educaci\u00f3n, o del p\u00fablico.<\/p>\n\n\n\n<p><strong>Seguridad de su Informaci\u00f3n Personal<\/strong><\/p>\n\n\n\n<p>Asociaci\u00f3n de Econom\u00eda de la Educaci\u00f3n asegura su informaci\u00f3n personal frente al acceso, uso o divulgaci\u00f3n no autorizados. Asociaci\u00f3n de Econom\u00eda de la Educaci\u00f3n mantiene la informaci\u00f3n de identificaci\u00f3n personal que Usted haya provisto, en servidores ubicados en un ambiente controlado y seguro, protegidos del acceso, uso o divulgaci\u00f3n no autorizados. En caso de que informaci\u00f3n personal (como el n\u00famero de su tarjeta de cr\u00e9dito) sea transmitida a otros sitios Web, \u00e9sta se protege mediante el uso de protocolos cifrados como el protocolo SSL (Secure Sockets Layer).<\/p>\n\n\n\n<p><strong>Modificaciones a esta Declaraci\u00f3n<\/strong><\/p>\n\n\n\n<p>Asociaci\u00f3n de Econom\u00eda de la Educaci\u00f3n podr\u00e1 ocasionalmente actualizar esta Declaraci\u00f3n de Privacidad para reflejar las sugerencias tanto de la compa\u00f1\u00eda como de los clientes. En Asociaci\u00f3n de Econom\u00eda de la Educaci\u00f3n lo alentamos a que revise peri\u00f3dicamente esta Declaraci\u00f3n para estar informado de c\u00f3mo Asociaci\u00f3n de Econom\u00eda de la Educaci\u00f3n protege su informaci\u00f3n.<\/p>\n\n\n\n<p><strong>Informaci\u00f3n de Contacto<\/strong><\/p>\n\n\n\n<p>Asociaci\u00f3n de Econom\u00eda de la Educaci\u00f3n recibe con agrado sus comentarios relativos a esta Declaraci\u00f3n de Privacidad. Si Usted cree que Asociaci\u00f3n de Econom\u00eda de la Educaci\u00f3n no se ha ce\u00f1ido a esta Declaraci\u00f3n, por favor, p\u00f3ngase en contacto con Asociaci\u00f3n de Econom\u00eda de la Educaci\u00f3n a trav\u00e9s de&nbsp;<a href=\"mailto:info@economicsofeducation.com\">info@economicsofeducation.com<\/a>. Pondremos nuestros mejores esfuerzos comercialmente razonables para determinar r\u00e1pidamente el problema y remediarlo cuanto antes.<\/p>\n","protected":false},"excerpt":{"rendered":"<p>Asociaci\u00f3n de Econom\u00eda de la Educaci\u00f3n est\u00e1 comprometida a proteger su privacidad y la tecnolog\u00eda de desarrollo que le brinda la experiencia en l\u00ednea m\u00e1s potente y segura. Esta Declaraci\u00f3n de Privacidad est\u00e1 relacionada con el sitio Web de Asociaci\u00f3n de Econom\u00eda de la Educaci\u00f3n y abarca la recolecci\u00f3n de datos y su uso. Al&#8230; <\/p>\n<div class=\"clear\"><\/div>\n<p><a href=\"https:\/\/2024.economicsofeducation.com\/es\/politica-de-privacidad\/\" class=\"gdlr-info-font excerpt-read-more\">Read More<\/a><\/p>\n","protected":false},"author":418,"featured_media":0,"parent":0,"menu_order":0,"comment_status":"closed","ping_status":"closed","template":"","meta":{"footnotes":""},"class_list":["post-3941","page","type-page","status-publish","hentry"],"_links":{"self":[{"href":"https:\/\/2024.economicsofeducation.com\/es\/wp-json\/wp\/v2\/pages\/3941","targetHints":{"allow":["GET"]}}],"collection":[{"href":"https:\/\/2024.economicsofeducation.com\/es\/wp-json\/wp\/v2\/pages"}],"about":[{"href":"https:\/\/2024.economicsofeducation.com\/es\/wp-json\/wp\/v2\/types\/page"}],"author":[{"embeddable":true,"href":"https:\/\/2024.economicsofeducation.com\/es\/wp-json\/wp\/v2\/users\/418"}],"replies":[{"embeddable":true,"href":"https:\/\/2024.economicsofeducation.com\/es\/wp-json\/wp\/v2\/comments?post=3941"}],"version-history":[{"count":4,"href":"https:\/\/2024.economicsofeducation.com\/es\/wp-json\/wp\/v2\/pages\/3941\/revisions"}],"predecessor-version":[{"id":4076,"href":"https:\/\/2024.economicsofeducation.com\/es\/wp-json\/wp\/v2\/pages\/3941\/revisions\/4076"}],"wp:attachment":[{"href":"https:\/\/2024.economicsofeducation.com\/es\/wp-json\/wp\/v2\/media?parent=3941"}],"curies":[{"name":"wp","href":"https:\/\/api.w.org\/{rel}","templated":true}]}}