{"id":4008,"date":"2019-12-19T16:30:04","date_gmt":"2019-12-19T15:30:04","guid":{"rendered":"https:\/\/2023.economicsofeducation.com\/es\/?page_id=4008"},"modified":"2023-12-19T18:50:55","modified_gmt":"2023-12-19T17:50:55","slug":"keynote-speakers","status":"publish","type":"page","link":"https:\/\/2024.economicsofeducation.com\/es\/keynote-speakers\/","title":{"rendered":"Ponentes invitados"},"content":{"rendered":"<p>&nbsp;<\/p>\n<p>&nbsp;<\/p>\n<p><strong><a href=\"https:\/\/2024.economicsofeducation.com\/wp-content\/uploads\/picture-HO-e1702669415634.jpg\"><img loading=\"lazy\" decoding=\"async\" class=\"size-medium wp-image-5232 alignleft\" src=\"https:\/\/2024.economicsofeducation.com\/wp-content\/uploads\/picture-HO-225x300.jpg\" alt=\"\" width=\"225\" height=\"300\" \/><\/a><a href=\"https:\/\/www.uva.nl\/en\/profile\/o\/o\/h.oosterbeek\/h.oosterbeek.html\" target=\"_blank\" rel=\"noopener\">Hessel Oosterbeek<\/a><\/strong> es profesor de Econom\u00eda en la Universidad de Amsterdam. Su investigaci\u00f3n abarca diversos temas en el \u00e1mbito de la Econom\u00eda de la Educaci\u00f3n, entre ellos: <em>returns to education and training<\/em>, <em>effects of class size<\/em>, <em>peer effects<\/em>, y <em>school assignment<\/em>. Puede obtener m\u00e1s informaci\u00f3n <a href=\"https:\/\/urldefense.com\/v3\/__https:\/\/www.dropbox.com\/s\/jw6fecq896gk4zf\/CV-Oosterbeek.pdf?dl=0__;!!D9dNQwwGXtA!Tf_QEH1JVe8FMdavKjMjy17Y3wLHKltVRjRqsGHwo-z6HY58xEMYrhrk9Sk5QtOH_KD4Xn0t1TPP9UldGlMyVbfAJSY$\" target=\"_blank\" rel=\"noopener\">aqu\u00ed<\/a>.<\/p>\n<p>&nbsp;<\/p>\n<p>&nbsp;<\/p>\n<p>&nbsp;<\/p>\n<p>&nbsp;<\/p>\n<p>&nbsp;<\/p>\n<p>&nbsp;<\/p>\n<p>&nbsp;<\/p>\n<p><strong><a href=\"https:\/\/2024.economicsofeducation.com\/wp-content\/uploads\/photo_jgrenet-e1703007915181.jpg\"><img loading=\"lazy\" decoding=\"async\" class=\"size-full wp-image-5279 alignleft\" src=\"https:\/\/2024.economicsofeducation.com\/wp-content\/uploads\/photo_jgrenet-e1703007915181.jpg\" alt=\"\" width=\"227\" height=\"250\" \/><\/a> <\/strong><strong><a href=\"https:\/\/www.parisschoolofeconomics.eu\/en\/grenet-julien\/?_mrMailingList=70&#038;_mrSubscriber=2351&#038;utm_campaign=&#038;utm_medium=email&#038;utm_source=mailing70\" target=\"_blank\" rel=\"noopener\">Julien Grenet<\/a><\/strong><span lang=\"en-GB\"> es investigador principal en el Centre National de la Recherche Scientifique (CNRS), profesor de Econom\u00eda en la Paris School of Economics (PSE) y director adjunto del Institut des Politiques Publiques (IPP). Sus investigaciones actuales se sit\u00faan en la intersecci\u00f3n entre el dise\u00f1o de mercados y la econom\u00eda de la educaci\u00f3n, y emplean diversos enfoques metodol\u00f3gicos (dise\u00f1o de investigaci\u00f3n cuasiexperimental, estimaci\u00f3n estructural, trabajo de campo). En los \u00faltimos a\u00f1os, ha llevado a cabo m\u00faltiples proyectos de investigaci\u00f3n centrados en la elecci\u00f3n de centro y los mecanismos de asignaci\u00f3n de alumnos, con especial \u00e9nfasis en las reformas aplicadas en Francia para ampliar la elecci\u00f3n en la ense\u00f1anza secundaria y superior (Affelnet, Admission Post-Bac, Parcoursup). Su trabajo reciente consiste en desarrollar metodolog\u00edas emp\u00edricas para estimar las preferencias de los estudiantes a partir de datos de sistemas de asignaci\u00f3n centralizados y comprender mejor c\u00f3mo los agentes forman sus preferencias en dichos mercados. Un objetivo clave de su investigaci\u00f3n es aportar ideas para el dise\u00f1o de pol\u00edticas. En varios casos, ha colaborado estrechamente con los responsables pol\u00edticos para traducir eficazmente las recomendaciones basadas en la investigaci\u00f3n en una aplicaci\u00f3n pr\u00e1ctica. Un ejemplo notable es la introducci\u00f3n de zonas de captaci\u00f3n de varias escuelas en Par\u00eds para mitigar la segregaci\u00f3n social entre los centros de ense\u00f1anza media.<br \/>\n<\/span><\/p>\n","protected":false},"excerpt":{"rendered":"<p>&nbsp; &nbsp; Hessel Oosterbeek es profesor de Econom\u00eda en la Universidad de Amsterdam. Su investigaci\u00f3n abarca diversos temas en el \u00e1mbito de la Econom\u00eda de la Educaci\u00f3n, entre ellos: returns to education and training, effects of class size, peer effects, y school assignment. Puede obtener m\u00e1s informaci\u00f3n aqu\u00ed. &nbsp; &nbsp; &nbsp; &nbsp; &nbsp; &nbsp; &nbsp;&#8230; <\/p>\n<div class=\"clear\"><\/div>\n<p><a href=\"https:\/\/2024.economicsofeducation.com\/es\/keynote-speakers\/\" class=\"gdlr-info-font excerpt-read-more\">Read More<\/a><\/p>\n","protected":false},"author":418,"featured_media":0,"parent":0,"menu_order":0,"comment_status":"closed","ping_status":"closed","template":"","meta":{"footnotes":""},"class_list":["post-4008","page","type-page","status-publish","hentry"],"_links":{"self":[{"href":"https:\/\/2024.economicsofeducation.com\/es\/wp-json\/wp\/v2\/pages\/4008","targetHints":{"allow":["GET"]}}],"collection":[{"href":"https:\/\/2024.economicsofeducation.com\/es\/wp-json\/wp\/v2\/pages"}],"about":[{"href":"https:\/\/2024.economicsofeducation.com\/es\/wp-json\/wp\/v2\/types\/page"}],"author":[{"embeddable":true,"href":"https:\/\/2024.economicsofeducation.com\/es\/wp-json\/wp\/v2\/users\/418"}],"replies":[{"embeddable":true,"href":"https:\/\/2024.economicsofeducation.com\/es\/wp-json\/wp\/v2\/comments?post=4008"}],"version-history":[{"count":11,"href":"https:\/\/2024.economicsofeducation.com\/es\/wp-json\/wp\/v2\/pages\/4008\/revisions"}],"predecessor-version":[{"id":5284,"href":"https:\/\/2024.economicsofeducation.com\/es\/wp-json\/wp\/v2\/pages\/4008\/revisions\/5284"}],"wp:attachment":[{"href":"https:\/\/2024.economicsofeducation.com\/es\/wp-json\/wp\/v2\/media?parent=4008"}],"curies":[{"name":"wp","href":"https:\/\/api.w.org\/{rel}","templated":true}]}}