{"id":7,"date":"2009-11-22T16:11:36","date_gmt":"2009-11-22T15:11:36","guid":{"rendered":"http:\/\/2019.economicsofeducation.com\/en\/?page_id=7"},"modified":"2024-05-17T12:46:09","modified_gmt":"2024-05-17T10:46:09","slug":"important-dates","status":"publish","type":"page","link":"https:\/\/2024.economicsofeducation.com\/es\/important-dates\/","title":{"rendered":"Fechas"},"content":{"rendered":"<div class=\"eight columns\">\n<div class=\"gdlr-item gdlr-content-item\">\n<p>&nbsp;<\/p>\n<p><strong>Env\u00edo de res\u00famenes, comunicaciones y publicaci\u00f3n del programa:<\/strong><\/p>\n<ul>\n<li>Apertura plazo env\u00edo res\u00famenes en l\u00ednea: 18 de diciembre de 2023<\/li>\n<li>Fecha l\u00edmite env\u00edo res\u00famenes: <del>7 de febrero de 2024<\/del> 14 de febrero de 2024<\/li>\n<li>Notificaci\u00f3n sobre decisi\u00f3n res\u00famenes: 6 de marzo de 2024<\/li>\n<li>Fecha l\u00edmite env\u00edo comunicaciones completas: <del>10 de abril de 2024<\/del> 17 de abril de 2024<\/li>\n<li>Notificaci\u00f3n sobre decisi\u00f3n de comunicaciones: 15 de mayo de 2024<\/li>\n<li>Publicaci\u00f3n programa provisional: 12 de junio de 2024<\/li>\n<li>Publicaci\u00f3n programa final: 19 de junio de 2024<\/li>\n<\/ul>\n<p><strong>Inscripci\u00f3n:<\/strong><\/p>\n<ul>\n<li>Apertura inscripci\u00f3n en l\u00ednea: 8 de mayo de 2024<\/li>\n<li>Fecha l\u00edmite inscripci\u00f3n con cuota reducida: 22 de mayo de 2024<\/li>\n<li>Fecha l\u00edmite inscripci\u00f3n (con comunicaci\u00f3n): 5 de junio de 2024<\/li>\n<li>Fecha l\u00edmite inscripci\u00f3n (sin comunicaci\u00f3n): 19 de junio de 2024<\/li>\n<\/ul>\n<p><strong>Jornadas:<\/strong><\/p>\n<ul>\n<li>Jornadas: 4 &#8211; 5 Julio de 2024<\/li>\n<\/ul>\n<\/div>\n<\/div>\n<div class=\"four columns\">\n<div class=\"gdlr-item gdlr-content-item\"><\/div>\n<\/div>\n<div class=\"clear\"><\/div>\n","protected":false},"excerpt":{"rendered":"<p>&nbsp; Env\u00edo de res\u00famenes, comunicaciones y publicaci\u00f3n del programa: Apertura plazo env\u00edo res\u00famenes en l\u00ednea: 18 de diciembre de 2023 Fecha l\u00edmite env\u00edo res\u00famenes: 7 de febrero de 2024 14 de febrero de 2024 Notificaci\u00f3n sobre decisi\u00f3n res\u00famenes: 6 de marzo de 2024 Fecha l\u00edmite env\u00edo comunicaciones completas: 10 de abril de 2024 17 de&#8230; <\/p>\n<div class=\"clear\"><\/div>\n<p><a href=\"https:\/\/2024.economicsofeducation.com\/es\/important-dates\/\" class=\"gdlr-info-font excerpt-read-more\">Read More<\/a><\/p>\n","protected":false},"author":421,"featured_media":0,"parent":0,"menu_order":20,"comment_status":"closed","ping_status":"closed","template":"","meta":{"footnotes":""},"class_list":["post-7","page","type-page","status-publish","hentry"],"_links":{"self":[{"href":"https:\/\/2024.economicsofeducation.com\/es\/wp-json\/wp\/v2\/pages\/7","targetHints":{"allow":["GET"]}}],"collection":[{"href":"https:\/\/2024.economicsofeducation.com\/es\/wp-json\/wp\/v2\/pages"}],"about":[{"href":"https:\/\/2024.economicsofeducation.com\/es\/wp-json\/wp\/v2\/types\/page"}],"author":[{"embeddable":true,"href":"https:\/\/2024.economicsofeducation.com\/es\/wp-json\/wp\/v2\/users\/421"}],"replies":[{"embeddable":true,"href":"https:\/\/2024.economicsofeducation.com\/es\/wp-json\/wp\/v2\/comments?post=7"}],"version-history":[{"count":12,"href":"https:\/\/2024.economicsofeducation.com\/es\/wp-json\/wp\/v2\/pages\/7\/revisions"}],"predecessor-version":[{"id":5353,"href":"https:\/\/2024.economicsofeducation.com\/es\/wp-json\/wp\/v2\/pages\/7\/revisions\/5353"}],"wp:attachment":[{"href":"https:\/\/2024.economicsofeducation.com\/es\/wp-json\/wp\/v2\/media?parent=7"}],"curies":[{"name":"wp","href":"https:\/\/api.w.org\/{rel}","templated":true}]}}